{"id":340,"date":"2017-01-18T21:55:22","date_gmt":"2017-01-18T20:55:22","guid":{"rendered":"http:\/\/christa.webcotton.nl\/?page_id=340"},"modified":"2018-01-02T00:36:58","modified_gmt":"2018-01-01T23:36:58","slug":"bem-vinda","status":"publish","type":"page","link":"https:\/\/blessedbythe.one\/pt-br\/","title":{"rendered":"Bem-vindos"},"content":{"rendered":"<p>N\u00f3s, Lucas e Christa, somos mission\u00e1rios no movimento internacional JOCUM &#8211; Jovens Com Uma Miss\u00e3o.&nbsp;&nbsp;&nbsp;Lucas \u00e9 brasileiro, ele come\u00e7ou a trabalhar na JOCUM em 2013 na favela Borel &#8211; Rio de Janeiro.&nbsp;Christa \u00e9 holandesa, ela chegou ao Rio de Janeiro em 2016 para trabalhar na JOCUM com crian\u00e7as em situa\u00e7\u00e3o de risco. Entendemos que Deus nos uniu e nos aben\u00e7oou para aben\u00e7oarmos outros.<\/p>\n<p>Depois de algum tempo trabalhando nas favelas do Rio de Janeiro, agora trabalhamos com comunidades ribeirinhas e tribos ind\u00edgenas na regi\u00e3o amaz\u00f4nica.&nbsp;Durante o ano de 2018, trabalharemos e estudaremos na base JOCUM em Porto Velho &#8211; RO.&nbsp;Esta base \u00e9 reconhecida pelo seu trabalho nesta \u00e1rea.<\/p>\n<p>Nosso foco \u00e9 nos preparar para trabalhar na \u00e1rea de educa\u00e7\u00e3o b\u00edblica e cuidados com a sa\u00fade.&nbsp;Nossa ideia \u00e9 trazer o evangelho em sua forma completa, como Jesus nos ensinou.<\/p>\n<p>Ambos somos enviados pelas nossas igrejas locais:<br \/>\nLucas foi enviado pela&nbsp; <a href=\"https:\/\/www.facebook.com\/IBMemorialdaposse\">Igreja Batista Memorial&nbsp;da Posse<\/a>&nbsp;, Nova Igua\u00e7u &#8211; Rio de Janeiro &#8211; Brasil.&nbsp;<br \/>\nChrista foi enviada pela&nbsp;<a href=\"http:\/\/pijler.nl\/\">Igreja Evang\u00e9lica Pijler<\/a>&nbsp;, Lelystad &#8211; Flevol\u00e2ndia &#8211; Holanda.<\/p>\n<p>Atrav\u00e9s deste site, gostar\u00edamos de convid\u00e1-lo a fazer parte do nosso trabalho mission\u00e1rio.<\/p>\n<p><em>Gratos,&nbsp;&nbsp;<br \/>\nChrista &amp; Lucas<\/em><\/p>\n<p><img loading=\"lazy\" decoding=\"async\" class=\"aligncenter wp-image-1093\" src=\"https:\/\/blessedbythe.one\/wp-content\/uploads\/2018\/01\/DSC_0102.JPG-300x199.jpg\" alt=\"\" width=\"513\" height=\"341\" srcset=\"https:\/\/blessedbythe.one\/wp-content\/uploads\/2018\/01\/DSC_0102.JPG-300x199.jpg 300w, https:\/\/blessedbythe.one\/wp-content\/uploads\/2018\/01\/DSC_0102.JPG-768x510.jpg 768w, https:\/\/blessedbythe.one\/wp-content\/uploads\/2018\/01\/DSC_0102.JPG-1024x680.jpg 1024w\" sizes=\"auto, (max-width: 513px) 100vw, 513px\" \/><\/p>\n","protected":false},"excerpt":{"rendered":"<p>N\u00f3s, Lucas e Christa, somos mission\u00e1rios no movimento internacional JOCUM &#8211; Jovens Com Uma Miss\u00e3o.&nbsp;&nbsp;&nbsp;Lucas \u00e9 brasileiro, ele come\u00e7ou a trabalhar na JOCUM em 2013 na favela Borel &#8211; Rio de Janeiro.&nbsp;Christa \u00e9 holandesa, ela chegou ao Rio de Janeiro em 2016 para trabalhar na JOCUM com crian\u00e7as em situa\u00e7\u00e3o de risco. Entendemos que Deus &hellip; <\/p>\n<p class=\"link-more\"><a href=\"https:\/\/blessedbythe.one\/pt-br\/\" class=\"more-link\">Continue reading<span class=\"screen-reader-text\"> &#8220;Bem-vindos&#8221;<\/span><\/a><\/p>\n","protected":false},"author":1,"featured_media":0,"parent":0,"menu_order":0,"comment_status":"closed","ping_status":"closed","template":"","meta":{"footnotes":""},"class_list":["post-340","page","type-page","status-publish","hentry"],"_links":{"self":[{"href":"https:\/\/blessedbythe.one\/pt-br\/wp-json\/wp\/v2\/pages\/340","targetHints":{"allow":["GET"]}}],"collection":[{"href":"https:\/\/blessedbythe.one\/pt-br\/wp-json\/wp\/v2\/pages"}],"about":[{"href":"https:\/\/blessedbythe.one\/pt-br\/wp-json\/wp\/v2\/types\/page"}],"author":[{"embeddable":true,"href":"https:\/\/blessedbythe.one\/pt-br\/wp-json\/wp\/v2\/users\/1"}],"replies":[{"embeddable":true,"href":"https:\/\/blessedbythe.one\/pt-br\/wp-json\/wp\/v2\/comments?post=340"}],"version-history":[{"count":4,"href":"https:\/\/blessedbythe.one\/pt-br\/wp-json\/wp\/v2\/pages\/340\/revisions"}],"predecessor-version":[{"id":1102,"href":"https:\/\/blessedbythe.one\/pt-br\/wp-json\/wp\/v2\/pages\/340\/revisions\/1102"}],"wp:attachment":[{"href":"https:\/\/blessedbythe.one\/pt-br\/wp-json\/wp\/v2\/media?parent=340"}],"curies":[{"name":"wp","href":"https:\/\/api.w.org\/{rel}","templated":true}]}}