{"id":348,"date":"2017-01-18T22:05:28","date_gmt":"2017-01-18T21:05:28","guid":{"rendered":"http:\/\/christa.webcotton.nl\/?page_id=348\/"},"modified":"2021-05-27T02:03:59","modified_gmt":"2021-05-27T01:03:59","slug":"doar","status":"publish","type":"page","link":"https:\/\/blessedbythe.one\/pt-br\/doar\/","title":{"rendered":"Quer nos ajudar?"},"content":{"rendered":"<p>N\u00f3s colocamos nossa vida completamente nas m\u00e3os de Deus e, por isso, estamos convencidos de que Deus providenciar\u00e1 o que realmente precisamos.&nbsp;Confiamos que Deus colocar\u00e1 uma bela equipe permanente ao nosso lado e que Ele ir\u00e1 falar com voc\u00ea.&nbsp;Para que possamos realizar juntos esse chamado.<\/p>\n<p>Como mission\u00e1rios no movimento Jovens Com Uma Miss\u00e3o &#8211; JOCUM, n\u00e3o recebemos nenhum sal\u00e1rio ou compensa\u00e7\u00e3o. Nossos custos mensais incluem: plano de sa\u00fade, aluguel, alimenta\u00e7\u00e3o, educa\u00e7\u00e3o e despesas de viagem.<\/p>\n<p>Seria muito bom se pessoas quisessem nos ajudar, apoiando-nos financeiramente com uma contribui\u00e7\u00e3o mensal de R$ 20, R$ 50, 00 ou R$100,00. Qualquer quantia ir\u00e1 contribuir com o trabalho que temos feito.<\/p>\n<p>Se voc\u00ea quer e pode nos apoiar financeiramente, isso pode ser feito atrav\u00e9s dos seguintes dados:&nbsp;<\/p>\n<p>Banco Ita\u00fa<img loading=\"lazy\" decoding=\"async\" class=\"wp-image-1098 alignleft\" src=\"https:\/\/blessedbythe.one\/wp-content\/uploads\/2018\/01\/itau-300x180.png\" alt=\"\" width=\"187\" height=\"112\" srcset=\"https:\/\/blessedbythe.one\/wp-content\/uploads\/2018\/01\/itau-300x180.png 300w, https:\/\/blessedbythe.one\/wp-content\/uploads\/2018\/01\/itau-768x461.png 768w, https:\/\/blessedbythe.one\/wp-content\/uploads\/2018\/01\/itau-1024x614.png 1024w, https:\/\/blessedbythe.one\/wp-content\/uploads\/2018\/01\/itau-2000x1200.png 2000w\" sizes=\"auto, (max-width: 187px) 100vw, 187px\" \/><\/p>\n<p>Ag.: 5833 C.C.: 05977-6<\/p>\n<p>Lucas Silva<\/p>\n<p>PIX: lucashandreus@gmail.com<\/p>\n","protected":false},"excerpt":{"rendered":"<p>N\u00f3s colocamos nossa vida completamente nas m\u00e3os de Deus e, por isso, estamos convencidos de que Deus providenciar\u00e1 o que realmente precisamos.&nbsp;Confiamos que Deus colocar\u00e1 uma bela equipe permanente ao nosso lado e que Ele ir\u00e1 falar com voc\u00ea.&nbsp;Para que possamos realizar juntos esse chamado. Como mission\u00e1rios no movimento Jovens Com Uma Miss\u00e3o &#8211; JOCUM, &hellip; <\/p>\n<p class=\"link-more\"><a href=\"https:\/\/blessedbythe.one\/pt-br\/doar\/\" class=\"more-link\">Continue reading<span class=\"screen-reader-text\"> &#8220;Quer nos ajudar?&#8221;<\/span><\/a><\/p>\n","protected":false},"author":1,"featured_media":0,"parent":0,"menu_order":0,"comment_status":"closed","ping_status":"closed","template":"","meta":{"footnotes":""},"class_list":["post-348","page","type-page","status-publish","hentry"],"_links":{"self":[{"href":"https:\/\/blessedbythe.one\/pt-br\/wp-json\/wp\/v2\/pages\/348","targetHints":{"allow":["GET"]}}],"collection":[{"href":"https:\/\/blessedbythe.one\/pt-br\/wp-json\/wp\/v2\/pages"}],"about":[{"href":"https:\/\/blessedbythe.one\/pt-br\/wp-json\/wp\/v2\/types\/page"}],"author":[{"embeddable":true,"href":"https:\/\/blessedbythe.one\/pt-br\/wp-json\/wp\/v2\/users\/1"}],"replies":[{"embeddable":true,"href":"https:\/\/blessedbythe.one\/pt-br\/wp-json\/wp\/v2\/comments?post=348"}],"version-history":[{"count":5,"href":"https:\/\/blessedbythe.one\/pt-br\/wp-json\/wp\/v2\/pages\/348\/revisions"}],"predecessor-version":[{"id":2469,"href":"https:\/\/blessedbythe.one\/pt-br\/wp-json\/wp\/v2\/pages\/348\/revisions\/2469"}],"wp:attachment":[{"href":"https:\/\/blessedbythe.one\/pt-br\/wp-json\/wp\/v2\/media?parent=348"}],"curies":[{"name":"wp","href":"https:\/\/api.w.org\/{rel}","templated":true}]}}