{"id":352,"date":"2017-01-18T22:08:19","date_gmt":"2017-01-18T21:08:19","guid":{"rendered":"http:\/\/christa.webcotton.nl\/?page_id=352\/"},"modified":"2018-01-02T01:12:49","modified_gmt":"2018-01-02T00:12:49","slug":"pontos-de-oracao","status":"publish","type":"page","link":"https:\/\/blessedbythe.one\/pt-br\/pontos-de-oracao\/","title":{"rendered":"Pontos de Ora\u00e7\u00e3o"},"content":{"rendered":"<p style=\"text-align: center;\"><em>Esta \u00e9 a confian\u00e7a que temos ao nos aproximarmos de Deus: se pedirmos alguma coisa de acordo com a vontade de Deus, ele nos ouvir\u00e1.<br \/>\n&#8211; 1 Jo\u00e3o 5:14 &#8211;<\/em><\/p>\n<p>Sem ora\u00e7\u00f5es a Deus, essas obras s\u00e3o imposs\u00edveis e sem sentido.<br \/>\nN\u00f3s o convidamos a orar pelo seguinte:<\/p>\n<hr>\n<ul>\n<li>A orienta\u00e7\u00e3o de Deus para esse novo passo na nossa vida. Vamos lidar com culturas diferentes e religi\u00f5es diferentes.<\/li>\n<li>Pe\u00e7a a Deus para Ele estar com todas as crian\u00e7as com defici\u00eancia, este \u00e9 um problema s\u00e9rio nas \u00e1reas das favelas e na Amaz\u00f4nia.<\/li>\n<li>Convidando o Esp\u00edrito de Deus para o cora\u00e7\u00e3o dos cidad\u00e3os e pol\u00edticos do Rio de Janeiro. Essa mudan\u00e7a pode ocorrer no sistema de judicial.<\/li>\n<li>Verdadeira sabedoria, orienta\u00e7\u00e3o for\u00e7a vinda do amor de Deus, gra\u00e7a e miseric\u00f3rdia em tudo que vamos fazer e planejar.<\/li>\n<li>Dar gra\u00e7as a Deus pelo amor que podemos experimentar em nossas vidas; que continuemos a experimentar e buscar o Seu amor em nosso casamento.\n<p><img loading=\"lazy\" decoding=\"async\" class=\"aligncenter wp-image-694\" src=\"https:\/\/blessedbythe.one\/wp-content\/uploads\/2016\/01\/16796909_10210628683146640_5246491055282549001_o-300x225.jpg\" alt=\"\" width=\"513\" height=\"385\" srcset=\"https:\/\/blessedbythe.one\/wp-content\/uploads\/2016\/01\/16796909_10210628683146640_5246491055282549001_o-300x225.jpg 300w, https:\/\/blessedbythe.one\/wp-content\/uploads\/2016\/01\/16796909_10210628683146640_5246491055282549001_o-768x576.jpg 768w, https:\/\/blessedbythe.one\/wp-content\/uploads\/2016\/01\/16796909_10210628683146640_5246491055282549001_o-1024x768.jpg 1024w, https:\/\/blessedbythe.one\/wp-content\/uploads\/2016\/01\/16796909_10210628683146640_5246491055282549001_o.jpg 1152w\" sizes=\"auto, (max-width: 513px) 100vw, 513px\" \/><\/li>\n<\/ul>\n","protected":false},"excerpt":{"rendered":"<p>Esta \u00e9 a confian\u00e7a que temos ao nos aproximarmos de Deus: se pedirmos alguma coisa de acordo com a vontade de Deus, ele nos ouvir\u00e1. &#8211; 1 Jo\u00e3o 5:14 &#8211; Sem ora\u00e7\u00f5es a Deus, essas obras s\u00e3o imposs\u00edveis e sem sentido. N\u00f3s o convidamos a orar pelo seguinte: A orienta\u00e7\u00e3o de Deus para esse novo &hellip; <\/p>\n<p class=\"link-more\"><a href=\"https:\/\/blessedbythe.one\/pt-br\/pontos-de-oracao\/\" class=\"more-link\">Continue reading<span class=\"screen-reader-text\"> &#8220;Pontos de Ora\u00e7\u00e3o&#8221;<\/span><\/a><\/p>\n","protected":false},"author":1,"featured_media":0,"parent":0,"menu_order":0,"comment_status":"closed","ping_status":"closed","template":"","meta":{"footnotes":""},"class_list":["post-352","page","type-page","status-publish","hentry"],"_links":{"self":[{"href":"https:\/\/blessedbythe.one\/pt-br\/wp-json\/wp\/v2\/pages\/352","targetHints":{"allow":["GET"]}}],"collection":[{"href":"https:\/\/blessedbythe.one\/pt-br\/wp-json\/wp\/v2\/pages"}],"about":[{"href":"https:\/\/blessedbythe.one\/pt-br\/wp-json\/wp\/v2\/types\/page"}],"author":[{"embeddable":true,"href":"https:\/\/blessedbythe.one\/pt-br\/wp-json\/wp\/v2\/users\/1"}],"replies":[{"embeddable":true,"href":"https:\/\/blessedbythe.one\/pt-br\/wp-json\/wp\/v2\/comments?post=352"}],"version-history":[{"count":7,"href":"https:\/\/blessedbythe.one\/pt-br\/wp-json\/wp\/v2\/pages\/352\/revisions"}],"predecessor-version":[{"id":1119,"href":"https:\/\/blessedbythe.one\/pt-br\/wp-json\/wp\/v2\/pages\/352\/revisions\/1119"}],"wp:attachment":[{"href":"https:\/\/blessedbythe.one\/pt-br\/wp-json\/wp\/v2\/media?parent=352"}],"curies":[{"name":"wp","href":"https:\/\/api.w.org\/{rel}","templated":true}]}}